{"id":11,"date":"2023-01-29T21:26:44","date_gmt":"2023-01-29T20:26:44","guid":{"rendered":"https:\/\/gourguiphoto.fr\/?page_id=11"},"modified":"2024-05-10T10:55:57","modified_gmt":"2024-05-10T08:55:57","slug":"qui-sommes-nous","status":"publish","type":"page","link":"https:\/\/gourguiphoto.fr\/index.php\/qui-sommes-nous\/","title":{"rendered":"QUI SOMMES-NOUS?"},"content":{"rendered":"\t\t<div data-elementor-type=\"wp-page\" data-elementor-id=\"11\" class=\"elementor elementor-11\">\n\t\t\t\t\t\t<section class=\"elementor-section elementor-top-section elementor-element elementor-element-d165eb9 elementor-section-boxed elementor-section-height-default elementor-section-height-default\" data-id=\"d165eb9\" data-element_type=\"section\">\n\t\t\t\t\t\t<div class=\"elementor-container elementor-column-gap-default\">\n\t\t\t\t\t<div class=\"elementor-column elementor-col-33 elementor-top-column elementor-element elementor-element-2f0a0e4\" data-id=\"2f0a0e4\" data-element_type=\"column\">\n\t\t\t<div class=\"elementor-widget-wrap\">\n\t\t\t\t\t\t\t<\/div>\n\t\t<\/div>\n\t\t\t\t<div class=\"elementor-column elementor-col-33 elementor-top-column elementor-element elementor-element-951fb4c\" data-id=\"951fb4c\" data-element_type=\"column\">\n\t\t\t<div class=\"elementor-widget-wrap elementor-element-populated\">\n\t\t\t\t\t\t<div class=\"elementor-element elementor-element-4f5757a elementor-widget__width-initial elementor-widget elementor-widget-heading\" data-id=\"4f5757a\" data-element_type=\"widget\" data-widget_type=\"heading.default\">\n\t\t\t\t<div class=\"elementor-widget-container\">\n\t\t\t<style>\/*! elementor - v3.21.0 - 18-04-2024 *\/\n.elementor-heading-title{padding:0;margin:0;line-height:1}.elementor-widget-heading .elementor-heading-title[class*=elementor-size-]>a{color:inherit;font-size:inherit;line-height:inherit}.elementor-widget-heading .elementor-heading-title.elementor-size-small{font-size:15px}.elementor-widget-heading .elementor-heading-title.elementor-size-medium{font-size:19px}.elementor-widget-heading .elementor-heading-title.elementor-size-large{font-size:29px}.elementor-widget-heading .elementor-heading-title.elementor-size-xl{font-size:39px}.elementor-widget-heading .elementor-heading-title.elementor-size-xxl{font-size:59px}<\/style><h1 class=\"elementor-heading-title elementor-size-default\">Un club de passionn\u00e9s <\/h1>\t\t<\/div>\n\t\t\t\t<\/div>\n\t\t\t\t\t<\/div>\n\t\t<\/div>\n\t\t\t\t<div class=\"elementor-column elementor-col-33 elementor-top-column elementor-element elementor-element-76a1e53\" data-id=\"76a1e53\" data-element_type=\"column\">\n\t\t\t<div class=\"elementor-widget-wrap\">\n\t\t\t\t\t\t\t<\/div>\n\t\t<\/div>\n\t\t\t\t\t<\/div>\n\t\t<\/section>\n\t\t\t\t<section class=\"elementor-section elementor-top-section elementor-element elementor-element-5eee524 elementor-section-boxed elementor-section-height-default elementor-section-height-default\" data-id=\"5eee524\" data-element_type=\"section\">\n\t\t\t\t\t\t<div class=\"elementor-container elementor-column-gap-default\">\n\t\t\t\t\t<div class=\"elementor-column elementor-col-33 elementor-top-column elementor-element elementor-element-db001b9\" data-id=\"db001b9\" data-element_type=\"column\">\n\t\t\t<div class=\"elementor-widget-wrap\">\n\t\t\t\t\t\t\t<\/div>\n\t\t<\/div>\n\t\t\t\t<div class=\"elementor-column elementor-col-33 elementor-top-column elementor-element elementor-element-b8f0672\" data-id=\"b8f0672\" data-element_type=\"column\">\n\t\t\t<div class=\"elementor-widget-wrap elementor-element-populated\">\n\t\t\t\t\t\t<div class=\"elementor-element elementor-element-74fafe7 elementor-widget elementor-widget-text-editor\" data-id=\"74fafe7\" data-element_type=\"widget\" data-widget_type=\"text-editor.default\">\n\t\t\t\t<div class=\"elementor-widget-container\">\n\t\t\t<style>\/*! elementor - v3.21.0 - 18-04-2024 *\/\n.elementor-widget-text-editor.elementor-drop-cap-view-stacked .elementor-drop-cap{background-color:#69727d;color:#fff}.elementor-widget-text-editor.elementor-drop-cap-view-framed .elementor-drop-cap{color:#69727d;border:3px solid;background-color:transparent}.elementor-widget-text-editor:not(.elementor-drop-cap-view-default) .elementor-drop-cap{margin-top:8px}.elementor-widget-text-editor:not(.elementor-drop-cap-view-default) .elementor-drop-cap-letter{width:1em;height:1em}.elementor-widget-text-editor .elementor-drop-cap{float:left;text-align:center;line-height:1;font-size:50px}.elementor-widget-text-editor .elementor-drop-cap-letter{display:inline-block}<\/style>\t\t\t\t<p>La Gourguillonnaise photo est un club de passionn\u00e9s de la photo, d\u00e9butants et exp\u00e9riment\u00e9s, ils se donnent rendez-vous chaque semaine pour enrichir leur culture. Les rubriques suivantes pr\u00e9sentent l&rsquo;\u00e9volution de l&rsquo;association et son esprit :\u00a0<\/p><ul><li><a href=\"https:\/\/gourguiphoto.fr\/index.php\/leclub\/\">Esprit du club<\/a><\/li><li><a href=\"https:\/\/gourguiphoto.fr\/index.php\/histoire-du-club\/\">Historique<\/a><\/li><\/ul>\t\t\t\t\t\t<\/div>\n\t\t\t\t<\/div>\n\t\t\t\t\t<\/div>\n\t\t<\/div>\n\t\t\t\t<div class=\"elementor-column elementor-col-33 elementor-top-column elementor-element elementor-element-820679f\" data-id=\"820679f\" data-element_type=\"column\">\n\t\t\t<div class=\"elementor-widget-wrap\">\n\t\t\t\t\t\t\t<\/div>\n\t\t<\/div>\n\t\t\t\t\t<\/div>\n\t\t<\/section>\n\t\t\t\t<\/div>\n\t\t","protected":false},"excerpt":{"rendered":"<p>Un club de passionn\u00e9s La Gourguillonnaise photo est un club de passionn\u00e9s de la photo, d\u00e9butants et exp\u00e9riment\u00e9s, ils se donnent rendez-vous chaque semaine pour enrichir leur culture. Les rubriques suivantes pr\u00e9sentent l&rsquo;\u00e9volution de l&rsquo;association et son esprit :\u00a0 Esprit du club Historique<\/p>\n","protected":false},"author":1,"featured_media":0,"parent":0,"menu_order":0,"comment_status":"closed","ping_status":"closed","template":"elementor_header_footer","meta":{"site-sidebar-layout":"no-sidebar","site-content-layout":"page-builder","ast-global-header-display":"","ast-main-header-display":"","ast-hfb-above-header-display":"","ast-hfb-below-header-display":"","ast-hfb-mobile-header-display":"","site-post-title":"disabled","ast-breadcrumbs-content":"","ast-featured-img":"disabled","footer-sml-layout":"","theme-transparent-header-meta":"","adv-header-id-meta":"","stick-header-meta":"","header-above-stick-meta":"","header-main-stick-meta":"","header-below-stick-meta":"","ngg_post_thumbnail":0,"footnotes":""},"class_list":["post-11","page","type-page","status-publish","hentry"],"yoast_head":"<!-- This site is optimized with the Yoast SEO plugin v20.4 - https:\/\/yoast.com\/wordpress\/plugins\/seo\/ -->\n<title>QUI SOMMES-NOUS? - Gourguillonnaise-Photo<\/title>\n<meta name=\"robots\" content=\"index, follow, max-snippet:-1, max-image-preview:large, max-video-preview:-1\" \/>\n<link rel=\"canonical\" href=\"https:\/\/gourguiphoto.fr\/index.php\/qui-sommes-nous\/\" \/>\n<meta property=\"og:locale\" content=\"fr_FR\" \/>\n<meta property=\"og:type\" content=\"article\" \/>\n<meta property=\"og:title\" content=\"QUI SOMMES-NOUS? - Gourguillonnaise-Photo\" \/>\n<meta property=\"og:description\" content=\"Un club de passionn\u00e9s La Gourguillonnaise photo est un club de passionn\u00e9s de la photo, d\u00e9butants et exp\u00e9riment\u00e9s, ils se donnent rendez-vous chaque semaine pour enrichir leur culture. Les rubriques suivantes pr\u00e9sentent l&rsquo;\u00e9volution de l&rsquo;association et son esprit :\u00a0 Esprit du club Historique\" \/>\n<meta property=\"og:url\" content=\"https:\/\/gourguiphoto.fr\/index.php\/qui-sommes-nous\/\" \/>\n<meta property=\"og:site_name\" content=\"Gourguillonnaise-Photo\" \/>\n<meta property=\"article:modified_time\" content=\"2024-05-10T08:55:57+00:00\" \/>\n<meta name=\"twitter:card\" content=\"summary_large_image\" \/>\n<meta name=\"twitter:label1\" content=\"Dur\u00e9e de lecture estim\u00e9e\" \/>\n\t<meta name=\"twitter:data1\" content=\"1 minute\" \/>\n<script type=\"application\/ld+json\" class=\"yoast-schema-graph\">{\"@context\":\"https:\/\/schema.org\",\"@graph\":[{\"@type\":\"WebPage\",\"@id\":\"https:\/\/gourguiphoto.fr\/index.php\/qui-sommes-nous\/\",\"url\":\"https:\/\/gourguiphoto.fr\/index.php\/qui-sommes-nous\/\",\"name\":\"QUI SOMMES-NOUS? - Gourguillonnaise-Photo\",\"isPartOf\":{\"@id\":\"https:\/\/gourguiphoto.fr\/#website\"},\"datePublished\":\"2023-01-29T20:26:44+00:00\",\"dateModified\":\"2024-05-10T08:55:57+00:00\",\"breadcrumb\":{\"@id\":\"https:\/\/gourguiphoto.fr\/index.php\/qui-sommes-nous\/#breadcrumb\"},\"inLanguage\":\"fr-FR\",\"potentialAction\":[{\"@type\":\"ReadAction\",\"target\":[\"https:\/\/gourguiphoto.fr\/index.php\/qui-sommes-nous\/\"]}]},{\"@type\":\"BreadcrumbList\",\"@id\":\"https:\/\/gourguiphoto.fr\/index.php\/qui-sommes-nous\/#breadcrumb\",\"itemListElement\":[{\"@type\":\"ListItem\",\"position\":1,\"name\":\"Accueil\",\"item\":\"https:\/\/gourguiphoto.fr\/\"},{\"@type\":\"ListItem\",\"position\":2,\"name\":\"QUI SOMMES-NOUS?\"}]},{\"@type\":\"WebSite\",\"@id\":\"https:\/\/gourguiphoto.fr\/#website\",\"url\":\"https:\/\/gourguiphoto.fr\/\",\"name\":\"gourguiphoto\",\"description\":\"\",\"publisher\":{\"@id\":\"https:\/\/gourguiphoto.fr\/#organization\"},\"alternateName\":\"gourguillonnaise photo\",\"potentialAction\":[{\"@type\":\"SearchAction\",\"target\":{\"@type\":\"EntryPoint\",\"urlTemplate\":\"https:\/\/gourguiphoto.fr\/?s={search_term_string}\"},\"query-input\":\"required name=search_term_string\"}],\"inLanguage\":\"fr-FR\"},{\"@type\":\"Organization\",\"@id\":\"https:\/\/gourguiphoto.fr\/#organization\",\"name\":\"La Gourguillonnaise photo\",\"url\":\"https:\/\/gourguiphoto.fr\/\",\"logo\":{\"@type\":\"ImageObject\",\"inLanguage\":\"fr-FR\",\"@id\":\"https:\/\/gourguiphoto.fr\/#\/schema\/logo\/image\/\",\"url\":\"https:\/\/gourguiphoto.fr\/wp-content\/uploads\/2024\/05\/cropped-maq_x2.2_.jpg\",\"contentUrl\":\"https:\/\/gourguiphoto.fr\/wp-content\/uploads\/2024\/05\/cropped-maq_x2.2_.jpg\",\"width\":2349,\"height\":1002,\"caption\":\"La Gourguillonnaise photo\"},\"image\":{\"@id\":\"https:\/\/gourguiphoto.fr\/#\/schema\/logo\/image\/\"}}]}<\/script>\n<!-- \/ Yoast SEO plugin. -->","yoast_head_json":{"title":"QUI SOMMES-NOUS? - Gourguillonnaise-Photo","robots":{"index":"index","follow":"follow","max-snippet":"max-snippet:-1","max-image-preview":"max-image-preview:large","max-video-preview":"max-video-preview:-1"},"canonical":"https:\/\/gourguiphoto.fr\/index.php\/qui-sommes-nous\/","og_locale":"fr_FR","og_type":"article","og_title":"QUI SOMMES-NOUS? - Gourguillonnaise-Photo","og_description":"Un club de passionn\u00e9s La Gourguillonnaise photo est un club de passionn\u00e9s de la photo, d\u00e9butants et exp\u00e9riment\u00e9s, ils se donnent rendez-vous chaque semaine pour enrichir leur culture. Les rubriques suivantes pr\u00e9sentent l&rsquo;\u00e9volution de l&rsquo;association et son esprit :\u00a0 Esprit du club Historique","og_url":"https:\/\/gourguiphoto.fr\/index.php\/qui-sommes-nous\/","og_site_name":"Gourguillonnaise-Photo","article_modified_time":"2024-05-10T08:55:57+00:00","twitter_card":"summary_large_image","twitter_misc":{"Dur\u00e9e de lecture estim\u00e9e":"1 minute"},"schema":{"@context":"https:\/\/schema.org","@graph":[{"@type":"WebPage","@id":"https:\/\/gourguiphoto.fr\/index.php\/qui-sommes-nous\/","url":"https:\/\/gourguiphoto.fr\/index.php\/qui-sommes-nous\/","name":"QUI SOMMES-NOUS? - Gourguillonnaise-Photo","isPartOf":{"@id":"https:\/\/gourguiphoto.fr\/#website"},"datePublished":"2023-01-29T20:26:44+00:00","dateModified":"2024-05-10T08:55:57+00:00","breadcrumb":{"@id":"https:\/\/gourguiphoto.fr\/index.php\/qui-sommes-nous\/#breadcrumb"},"inLanguage":"fr-FR","potentialAction":[{"@type":"ReadAction","target":["https:\/\/gourguiphoto.fr\/index.php\/qui-sommes-nous\/"]}]},{"@type":"BreadcrumbList","@id":"https:\/\/gourguiphoto.fr\/index.php\/qui-sommes-nous\/#breadcrumb","itemListElement":[{"@type":"ListItem","position":1,"name":"Accueil","item":"https:\/\/gourguiphoto.fr\/"},{"@type":"ListItem","position":2,"name":"QUI SOMMES-NOUS?"}]},{"@type":"WebSite","@id":"https:\/\/gourguiphoto.fr\/#website","url":"https:\/\/gourguiphoto.fr\/","name":"gourguiphoto","description":"","publisher":{"@id":"https:\/\/gourguiphoto.fr\/#organization"},"alternateName":"gourguillonnaise photo","potentialAction":[{"@type":"SearchAction","target":{"@type":"EntryPoint","urlTemplate":"https:\/\/gourguiphoto.fr\/?s={search_term_string}"},"query-input":"required name=search_term_string"}],"inLanguage":"fr-FR"},{"@type":"Organization","@id":"https:\/\/gourguiphoto.fr\/#organization","name":"La Gourguillonnaise photo","url":"https:\/\/gourguiphoto.fr\/","logo":{"@type":"ImageObject","inLanguage":"fr-FR","@id":"https:\/\/gourguiphoto.fr\/#\/schema\/logo\/image\/","url":"https:\/\/gourguiphoto.fr\/wp-content\/uploads\/2024\/05\/cropped-maq_x2.2_.jpg","contentUrl":"https:\/\/gourguiphoto.fr\/wp-content\/uploads\/2024\/05\/cropped-maq_x2.2_.jpg","width":2349,"height":1002,"caption":"La Gourguillonnaise photo"},"image":{"@id":"https:\/\/gourguiphoto.fr\/#\/schema\/logo\/image\/"}}]}},"_links":{"self":[{"href":"https:\/\/gourguiphoto.fr\/index.php\/wp-json\/wp\/v2\/pages\/11","targetHints":{"allow":["GET"]}}],"collection":[{"href":"https:\/\/gourguiphoto.fr\/index.php\/wp-json\/wp\/v2\/pages"}],"about":[{"href":"https:\/\/gourguiphoto.fr\/index.php\/wp-json\/wp\/v2\/types\/page"}],"author":[{"embeddable":true,"href":"https:\/\/gourguiphoto.fr\/index.php\/wp-json\/wp\/v2\/users\/1"}],"replies":[{"embeddable":true,"href":"https:\/\/gourguiphoto.fr\/index.php\/wp-json\/wp\/v2\/comments?post=11"}],"version-history":[{"count":22,"href":"https:\/\/gourguiphoto.fr\/index.php\/wp-json\/wp\/v2\/pages\/11\/revisions"}],"predecessor-version":[{"id":1175,"href":"https:\/\/gourguiphoto.fr\/index.php\/wp-json\/wp\/v2\/pages\/11\/revisions\/1175"}],"wp:attachment":[{"href":"https:\/\/gourguiphoto.fr\/index.php\/wp-json\/wp\/v2\/media?parent=11"}],"curies":[{"name":"wp","href":"https:\/\/api.w.org\/{rel}","templated":true}]}}