{"id":25,"date":"2023-01-29T21:25:40","date_gmt":"2023-01-29T20:25:40","guid":{"rendered":"https:\/\/gourguiphoto.fr\/?page_id=25"},"modified":"2024-09-09T13:04:29","modified_gmt":"2024-09-09T11:04:29","slug":"nous-contacter","status":"publish","type":"page","link":"https:\/\/gourguiphoto.fr\/index.php\/nous-contacter\/","title":{"rendered":"NOUS CONTACTER"},"content":{"rendered":"\t\t<div data-elementor-type=\"wp-page\" data-elementor-id=\"25\" class=\"elementor elementor-25\">\n\t\t\t\t\t\t<section class=\"elementor-section elementor-top-section elementor-element elementor-element-a2e0718 elementor-section-height-min-height elementor-section-boxed elementor-section-height-default elementor-section-items-middle\" data-id=\"a2e0718\" data-element_type=\"section\">\n\t\t\t\t\t\t<div class=\"elementor-container elementor-column-gap-default\">\n\t\t\t\t\t<div class=\"elementor-column elementor-col-33 elementor-top-column elementor-element elementor-element-235580d\" data-id=\"235580d\" data-element_type=\"column\">\n\t\t\t<div class=\"elementor-widget-wrap\">\n\t\t\t\t\t\t\t<\/div>\n\t\t<\/div>\n\t\t\t\t<div class=\"elementor-column elementor-col-33 elementor-top-column elementor-element elementor-element-6176678\" data-id=\"6176678\" data-element_type=\"column\">\n\t\t\t<div class=\"elementor-widget-wrap elementor-element-populated\">\n\t\t\t\t\t\t<div class=\"elementor-element elementor-element-51c0f7e elementor-widget elementor-widget-heading\" data-id=\"51c0f7e\" data-element_type=\"widget\" data-widget_type=\"heading.default\">\n\t\t\t\t<div class=\"elementor-widget-container\">\n\t\t\t<style>\/*! elementor - v3.21.0 - 18-04-2024 *\/\n.elementor-heading-title{padding:0;margin:0;line-height:1}.elementor-widget-heading .elementor-heading-title[class*=elementor-size-]>a{color:inherit;font-size:inherit;line-height:inherit}.elementor-widget-heading .elementor-heading-title.elementor-size-small{font-size:15px}.elementor-widget-heading .elementor-heading-title.elementor-size-medium{font-size:19px}.elementor-widget-heading .elementor-heading-title.elementor-size-large{font-size:29px}.elementor-widget-heading .elementor-heading-title.elementor-size-xl{font-size:39px}.elementor-widget-heading .elementor-heading-title.elementor-size-xxl{font-size:59px}<\/style><h1 class=\"elementor-heading-title elementor-size-default\">      <\/h1>\t\t<\/div>\n\t\t\t\t<\/div>\n\t\t\t\t<div class=\"elementor-element elementor-element-257155a elementor-widget elementor-widget-text-editor\" data-id=\"257155a\" data-element_type=\"widget\" data-widget_type=\"text-editor.default\">\n\t\t\t\t<div class=\"elementor-widget-container\">\n\t\t\t<style>\/*! elementor - v3.21.0 - 18-04-2024 *\/\n.elementor-widget-text-editor.elementor-drop-cap-view-stacked .elementor-drop-cap{background-color:#69727d;color:#fff}.elementor-widget-text-editor.elementor-drop-cap-view-framed .elementor-drop-cap{color:#69727d;border:3px solid;background-color:transparent}.elementor-widget-text-editor:not(.elementor-drop-cap-view-default) .elementor-drop-cap{margin-top:8px}.elementor-widget-text-editor:not(.elementor-drop-cap-view-default) .elementor-drop-cap-letter{width:1em;height:1em}.elementor-widget-text-editor .elementor-drop-cap{float:left;text-align:center;line-height:1;font-size:50px}.elementor-widget-text-editor .elementor-drop-cap-letter{display:inline-block}<\/style>\t\t\t\t<p>Venez nous rencontrer d\u00e9but septembre au forum des associations de Lyon 7e.<br \/>N\u2019h\u00e9sitez pas \u00e0 venir nous voir en cours d\u2019ann\u00e9e, rue Paul Bert, lors de notre s\u00e9ance du jeudi (de 19h30 \u00e0 22h), sur rendez-vous<\/p><p>Contactez :<br \/>\u2022 Jacqueline Blondel,\u00a0 pr\u00e9sidente <span class=\"couleurBleu\">jacqueline@blondelc.fr<\/span><\/p>\t\t\t\t\t\t<\/div>\n\t\t\t\t<\/div>\n\t\t\t\t\t<\/div>\n\t\t<\/div>\n\t\t\t\t<div class=\"elementor-column elementor-col-33 elementor-top-column elementor-element elementor-element-0d5b5b3\" data-id=\"0d5b5b3\" data-element_type=\"column\">\n\t\t\t<div class=\"elementor-widget-wrap\">\n\t\t\t\t\t\t\t<\/div>\n\t\t<\/div>\n\t\t\t\t\t<\/div>\n\t\t<\/section>\n\t\t\t\t<\/div>\n\t\t","protected":false},"excerpt":{"rendered":"<p>Venez nous rencontrer d\u00e9but septembre au forum des associations de Lyon 7e.N\u2019h\u00e9sitez pas \u00e0 venir nous voir en cours d\u2019ann\u00e9e, rue Paul Bert, lors de notre s\u00e9ance du jeudi (de 19h30 \u00e0 22h), sur rendez-vous Contactez :\u2022 Jacqueline Blondel,\u00a0 pr\u00e9sidente jacqueline@blondelc.fr<\/p>\n","protected":false},"author":1,"featured_media":0,"parent":0,"menu_order":0,"comment_status":"closed","ping_status":"closed","template":"elementor_header_footer","meta":{"site-sidebar-layout":"no-sidebar","site-content-layout":"page-builder","ast-global-header-display":"","ast-main-header-display":"","ast-hfb-above-header-display":"","ast-hfb-below-header-display":"","ast-hfb-mobile-header-display":"","site-post-title":"disabled","ast-breadcrumbs-content":"","ast-featured-img":"disabled","footer-sml-layout":"","theme-transparent-header-meta":"","adv-header-id-meta":"","stick-header-meta":"","header-above-stick-meta":"","header-main-stick-meta":"","header-below-stick-meta":"","ngg_post_thumbnail":0,"footnotes":""},"class_list":["post-25","page","type-page","status-publish","hentry"],"yoast_head":"<!-- This site is optimized with the Yoast SEO plugin v20.4 - https:\/\/yoast.com\/wordpress\/plugins\/seo\/ -->\n<title>NOUS CONTACTER - Gourguillonnaise-Photo<\/title>\n<meta name=\"robots\" content=\"index, follow, max-snippet:-1, max-image-preview:large, max-video-preview:-1\" \/>\n<link rel=\"canonical\" href=\"https:\/\/gourguiphoto.fr\/index.php\/nous-contacter\/\" \/>\n<meta property=\"og:locale\" content=\"fr_FR\" \/>\n<meta property=\"og:type\" content=\"article\" \/>\n<meta property=\"og:title\" content=\"NOUS CONTACTER - Gourguillonnaise-Photo\" \/>\n<meta property=\"og:description\" content=\"Venez nous rencontrer d\u00e9but septembre au forum des associations de Lyon 7e.N\u2019h\u00e9sitez pas \u00e0 venir nous voir en cours d\u2019ann\u00e9e, rue Paul Bert, lors de notre s\u00e9ance du jeudi (de 19h30 \u00e0 22h), sur rendez-vous Contactez :\u2022 Jacqueline Blondel,\u00a0 pr\u00e9sidente jacqueline@blondelc.fr\" \/>\n<meta property=\"og:url\" content=\"https:\/\/gourguiphoto.fr\/index.php\/nous-contacter\/\" \/>\n<meta property=\"og:site_name\" content=\"Gourguillonnaise-Photo\" \/>\n<meta property=\"article:modified_time\" content=\"2024-09-09T11:04:29+00:00\" \/>\n<meta name=\"twitter:card\" content=\"summary_large_image\" \/>\n<meta name=\"twitter:label1\" content=\"Dur\u00e9e de lecture estim\u00e9e\" \/>\n\t<meta name=\"twitter:data1\" content=\"1 minute\" \/>\n<script type=\"application\/ld+json\" class=\"yoast-schema-graph\">{\"@context\":\"https:\/\/schema.org\",\"@graph\":[{\"@type\":\"WebPage\",\"@id\":\"https:\/\/gourguiphoto.fr\/index.php\/nous-contacter\/\",\"url\":\"https:\/\/gourguiphoto.fr\/index.php\/nous-contacter\/\",\"name\":\"NOUS CONTACTER - Gourguillonnaise-Photo\",\"isPartOf\":{\"@id\":\"https:\/\/gourguiphoto.fr\/#website\"},\"datePublished\":\"2023-01-29T20:25:40+00:00\",\"dateModified\":\"2024-09-09T11:04:29+00:00\",\"breadcrumb\":{\"@id\":\"https:\/\/gourguiphoto.fr\/index.php\/nous-contacter\/#breadcrumb\"},\"inLanguage\":\"fr-FR\",\"potentialAction\":[{\"@type\":\"ReadAction\",\"target\":[\"https:\/\/gourguiphoto.fr\/index.php\/nous-contacter\/\"]}]},{\"@type\":\"BreadcrumbList\",\"@id\":\"https:\/\/gourguiphoto.fr\/index.php\/nous-contacter\/#breadcrumb\",\"itemListElement\":[{\"@type\":\"ListItem\",\"position\":1,\"name\":\"Accueil\",\"item\":\"https:\/\/gourguiphoto.fr\/\"},{\"@type\":\"ListItem\",\"position\":2,\"name\":\"NOUS CONTACTER\"}]},{\"@type\":\"WebSite\",\"@id\":\"https:\/\/gourguiphoto.fr\/#website\",\"url\":\"https:\/\/gourguiphoto.fr\/\",\"name\":\"gourguiphoto\",\"description\":\"\",\"publisher\":{\"@id\":\"https:\/\/gourguiphoto.fr\/#organization\"},\"alternateName\":\"gourguillonnaise photo\",\"potentialAction\":[{\"@type\":\"SearchAction\",\"target\":{\"@type\":\"EntryPoint\",\"urlTemplate\":\"https:\/\/gourguiphoto.fr\/?s={search_term_string}\"},\"query-input\":\"required name=search_term_string\"}],\"inLanguage\":\"fr-FR\"},{\"@type\":\"Organization\",\"@id\":\"https:\/\/gourguiphoto.fr\/#organization\",\"name\":\"La Gourguillonnaise photo\",\"url\":\"https:\/\/gourguiphoto.fr\/\",\"logo\":{\"@type\":\"ImageObject\",\"inLanguage\":\"fr-FR\",\"@id\":\"https:\/\/gourguiphoto.fr\/#\/schema\/logo\/image\/\",\"url\":\"https:\/\/gourguiphoto.fr\/wp-content\/uploads\/2024\/05\/cropped-maq_x2.2_.jpg\",\"contentUrl\":\"https:\/\/gourguiphoto.fr\/wp-content\/uploads\/2024\/05\/cropped-maq_x2.2_.jpg\",\"width\":2349,\"height\":1002,\"caption\":\"La Gourguillonnaise photo\"},\"image\":{\"@id\":\"https:\/\/gourguiphoto.fr\/#\/schema\/logo\/image\/\"}}]}<\/script>\n<!-- \/ Yoast SEO plugin. -->","yoast_head_json":{"title":"NOUS CONTACTER - Gourguillonnaise-Photo","robots":{"index":"index","follow":"follow","max-snippet":"max-snippet:-1","max-image-preview":"max-image-preview:large","max-video-preview":"max-video-preview:-1"},"canonical":"https:\/\/gourguiphoto.fr\/index.php\/nous-contacter\/","og_locale":"fr_FR","og_type":"article","og_title":"NOUS CONTACTER - Gourguillonnaise-Photo","og_description":"Venez nous rencontrer d\u00e9but septembre au forum des associations de Lyon 7e.N\u2019h\u00e9sitez pas \u00e0 venir nous voir en cours d\u2019ann\u00e9e, rue Paul Bert, lors de notre s\u00e9ance du jeudi (de 19h30 \u00e0 22h), sur rendez-vous Contactez :\u2022 Jacqueline Blondel,\u00a0 pr\u00e9sidente jacqueline@blondelc.fr","og_url":"https:\/\/gourguiphoto.fr\/index.php\/nous-contacter\/","og_site_name":"Gourguillonnaise-Photo","article_modified_time":"2024-09-09T11:04:29+00:00","twitter_card":"summary_large_image","twitter_misc":{"Dur\u00e9e de lecture estim\u00e9e":"1 minute"},"schema":{"@context":"https:\/\/schema.org","@graph":[{"@type":"WebPage","@id":"https:\/\/gourguiphoto.fr\/index.php\/nous-contacter\/","url":"https:\/\/gourguiphoto.fr\/index.php\/nous-contacter\/","name":"NOUS CONTACTER - Gourguillonnaise-Photo","isPartOf":{"@id":"https:\/\/gourguiphoto.fr\/#website"},"datePublished":"2023-01-29T20:25:40+00:00","dateModified":"2024-09-09T11:04:29+00:00","breadcrumb":{"@id":"https:\/\/gourguiphoto.fr\/index.php\/nous-contacter\/#breadcrumb"},"inLanguage":"fr-FR","potentialAction":[{"@type":"ReadAction","target":["https:\/\/gourguiphoto.fr\/index.php\/nous-contacter\/"]}]},{"@type":"BreadcrumbList","@id":"https:\/\/gourguiphoto.fr\/index.php\/nous-contacter\/#breadcrumb","itemListElement":[{"@type":"ListItem","position":1,"name":"Accueil","item":"https:\/\/gourguiphoto.fr\/"},{"@type":"ListItem","position":2,"name":"NOUS CONTACTER"}]},{"@type":"WebSite","@id":"https:\/\/gourguiphoto.fr\/#website","url":"https:\/\/gourguiphoto.fr\/","name":"gourguiphoto","description":"","publisher":{"@id":"https:\/\/gourguiphoto.fr\/#organization"},"alternateName":"gourguillonnaise photo","potentialAction":[{"@type":"SearchAction","target":{"@type":"EntryPoint","urlTemplate":"https:\/\/gourguiphoto.fr\/?s={search_term_string}"},"query-input":"required name=search_term_string"}],"inLanguage":"fr-FR"},{"@type":"Organization","@id":"https:\/\/gourguiphoto.fr\/#organization","name":"La Gourguillonnaise photo","url":"https:\/\/gourguiphoto.fr\/","logo":{"@type":"ImageObject","inLanguage":"fr-FR","@id":"https:\/\/gourguiphoto.fr\/#\/schema\/logo\/image\/","url":"https:\/\/gourguiphoto.fr\/wp-content\/uploads\/2024\/05\/cropped-maq_x2.2_.jpg","contentUrl":"https:\/\/gourguiphoto.fr\/wp-content\/uploads\/2024\/05\/cropped-maq_x2.2_.jpg","width":2349,"height":1002,"caption":"La Gourguillonnaise photo"},"image":{"@id":"https:\/\/gourguiphoto.fr\/#\/schema\/logo\/image\/"}}]}},"_links":{"self":[{"href":"https:\/\/gourguiphoto.fr\/index.php\/wp-json\/wp\/v2\/pages\/25","targetHints":{"allow":["GET"]}}],"collection":[{"href":"https:\/\/gourguiphoto.fr\/index.php\/wp-json\/wp\/v2\/pages"}],"about":[{"href":"https:\/\/gourguiphoto.fr\/index.php\/wp-json\/wp\/v2\/types\/page"}],"author":[{"embeddable":true,"href":"https:\/\/gourguiphoto.fr\/index.php\/wp-json\/wp\/v2\/users\/1"}],"replies":[{"embeddable":true,"href":"https:\/\/gourguiphoto.fr\/index.php\/wp-json\/wp\/v2\/comments?post=25"}],"version-history":[{"count":58,"href":"https:\/\/gourguiphoto.fr\/index.php\/wp-json\/wp\/v2\/pages\/25\/revisions"}],"predecessor-version":[{"id":1316,"href":"https:\/\/gourguiphoto.fr\/index.php\/wp-json\/wp\/v2\/pages\/25\/revisions\/1316"}],"wp:attachment":[{"href":"https:\/\/gourguiphoto.fr\/index.php\/wp-json\/wp\/v2\/media?parent=25"}],"curies":[{"name":"wp","href":"https:\/\/api.w.org\/{rel}","templated":true}]}}